{"id":7,"date":"2020-03-10T21:04:08","date_gmt":"2020-03-10T20:04:08","guid":{"rendered":"http:\/\/lamia.univ-antilles.fr\/newsite\/?page_id=7"},"modified":"2020-05-04T21:09:17","modified_gmt":"2020-05-04T19:09:17","slug":"accueil","status":"publish","type":"page","link":"https:\/\/lamia.univ-antilles.fr\/newsite\/","title":{"rendered":"Accueil"},"content":{"rendered":"\r\n<div class=\"row\">\r\n  <div id=\"accueil\" style=\"box-sizing:border-box;padding-left:15px;\">\r\n    <div style=\"box-sizing:border-box;\">\r\n      Le laboratoire de Math\u00e9matiques Informatique et Applications (LAMIA) de l'Universit\u00e9 des Antilles (UA) est une unit\u00e9 de recherche (UR1_1) reconnue par le Minist\u00e8re de l'enseignement sup\u00e9rieur et de la recherche. \r\n      Il est la cons\u00e9quence  du regroupement de membres issus des laboratoires AOC-EA 3591 et GRIMAAG-EA 3590 de l'UAG.<br><br>\r\n\r\n      Le laboratoire est dirig\u00e9 par un directeur et deux directeurs adjoints et est dot\u00e9 d'un conseil de laboratoire. \r\n      Le LAMIA compte une soixantaine de membres r\u00e9partis au sein de groupes de recherches ainsi que de projets. \r\n      Chacun des Groupes de recherches est dot\u00e9 d'un responsable en charge de l'animation et de la coordination scientifiques.<br><br>\r\n\r\n      Localement, la vie scientifique du laboratoire s'organise autour des \u00e9quipes internes et du s\u00e9minaire bimensuel du LAMIA; de mani\u00e8re plus globale les \u00e9changes avec les chercheurs ext\u00e9rieurs ou \u00e9trangers sont constants et les collaborations internationales (Autriche, Canada, Chili, Cuba, Espagne, Etats-Unis, Isra\u00ebl, etc.) constituent un aspect fondamental de la dynamique de recherche de l'unit\u00e9.<br><br>\r\n\r\n      <b>La Directrice, Gis\u00e8le MOPHOU LOUDJOM<\/b>\r\n    <\/div>\r\n  <\/div>\r\n<\/div>\r\n<br>\r\n\r\n<div id=\"actualites\">\r\n<hr>\r\n<h2> Actualit\u00e9s<\/h2>\r\n<hr>\r\n<div style=\"min-width:100%;max-width:100%;display:flex;flex-direction:row;align-items:center;justify-content:flex-start;min-height:150px;background-color:rgba(0, 0, 0, .2);box-sizing:border-box;border-radius:10px;padding:2px 0px 2px 0px;user-select: none;flex-wrap:wrap;\">\r\n<!--<div id=\"actualites\" class=\"col-sm-4\">\r\n  <div class=\"container\">\r\n    <div class=\"card border-dark\">\r\n      <div class=\"card-header bg-dark text-center\"><h4><span style=\"color:white;\">Actualit\u00e9s<\/span><\/h4><\/div>\r\n      <div class=\"card-body\">-->\r\n                  <div style=\"height:90%;width:110px;background-color:white;border-radius:10px;display:flex;flex-direction:column;align-items:center;justify-content:flex-start;cursor:pointer;margin:5px;box-sizing:border-box;\" \r\n          onclick=\"location.href='..\/newsite\/recherche\/seminaires\/?action-show=1946;'\" title=\"Mod&eacute;lisation math&eacute;matique de l\\&#039;impact des particules fines (PM10 et PM2,5) sur la dynamique cardiovasculaire et respiratoire\">\r\n            <div style=\"justify-self:flex-start;color:white;width:100%;text-align:center;padding:2px;border-radius:10px 10px 0px 0px;background-color:forestgreen\">seminaire<\/div>\r\n            <h2 class=\"text-uppercase\" style=\"margin:1px;\">19<\/h2>\r\n            <h3 class=\"text-uppercase\" style=\"margin:1px;\">Mar<\/h3>\r\n            <h3 class=\"text-uppercase\" style=\"margin:1px;\">2026<\/h3>\r\n          <\/div>\r\n          <!--<div class=\"row row-striped\">\r\n            <div class=\"col-3 text-right\">\r\n              <h2 class=\"display-4\"><span class=\"badge badge-secondary\">19<\/span><\/h2>\r\n              <h3 class=\"text-uppercase\">Mar<\/h3>\r\n            <\/div>\r\n            <div class=\"col-9\">\r\n              <h4 class=\"text-uppercase\"><strong>seminaire<\/strong><\/h4>\r\n              <ul class=\"list-inline\">\r\n                <li class=\"list-inline-item\"><i class=\"fa fa-calendar-o\" aria-hidden=\"true\"><\/i> Jeudi <\/li>\r\n                <li class=\"list-inline-item\"><i class=\"fa fa-clock-o\" aria-hidden=\"true\"><\/i> 14:00<\/li>\r\n                                  <li class=\"list-inline-item\"><i class=\"fa fa-location-arrow\" aria-hidden=\"true\"><\/i> B308<\/li>\r\n                              <\/ul>\r\n              <a href=\"..\/newsite\/recherche\/seminaires\/?action-show=1946\"><span style=\"color:black;\">Mod&eacute;lisation math&eacute;matique de l\\&#039;impact des particules fines (PM10 et PM2,5) sur la dynamique cardiovasculaire et respiratoire<\/span><\/a>\r\n            <\/div>\r\n          <\/div>\r\n          <hr class=\"my-4\">-->\r\n                  <div style=\"height:90%;width:110px;background-color:white;border-radius:10px;display:flex;flex-direction:column;align-items:center;justify-content:flex-start;cursor:pointer;margin:5px;box-sizing:border-box;\" \r\n          onclick=\"location.href='..\/newsite\/recherche\/seminaires\/?action-show=1945;'\" title=\"Sur le contr&ocirc;le multi-objectif d&rsquo;une &eacute;quation parabolique avec contr&ocirc;les au bord \">\r\n            <div style=\"justify-self:flex-start;color:white;width:100%;text-align:center;padding:2px;border-radius:10px 10px 0px 0px;background-color:forestgreen\">seminaire<\/div>\r\n            <h2 class=\"text-uppercase\" style=\"margin:1px;\">26<\/h2>\r\n            <h3 class=\"text-uppercase\" style=\"margin:1px;\">Fev<\/h3>\r\n            <h3 class=\"text-uppercase\" style=\"margin:1px;\">2026<\/h3>\r\n          <\/div>\r\n          <!--<div class=\"row row-striped\">\r\n            <div class=\"col-3 text-right\">\r\n              <h2 class=\"display-4\"><span class=\"badge badge-secondary\">26<\/span><\/h2>\r\n              <h3 class=\"text-uppercase\">Fev<\/h3>\r\n            <\/div>\r\n            <div class=\"col-9\">\r\n              <h4 class=\"text-uppercase\"><strong>seminaire<\/strong><\/h4>\r\n              <ul class=\"list-inline\">\r\n                <li class=\"list-inline-item\"><i class=\"fa fa-calendar-o\" aria-hidden=\"true\"><\/i> Jeudi <\/li>\r\n                <li class=\"list-inline-item\"><i class=\"fa fa-clock-o\" aria-hidden=\"true\"><\/i> 14:00<\/li>\r\n                                  <li class=\"list-inline-item\"><i class=\"fa fa-location-arrow\" aria-hidden=\"true\"><\/i> B308<\/li>\r\n                              <\/ul>\r\n              <a href=\"..\/newsite\/recherche\/seminaires\/?action-show=1945\"><span style=\"color:black;\">Sur le contr&ocirc;le multi-objectif d&rsquo;une &eacute;quation parabolique avec contr&ocirc;les au bord <\/span><\/a>\r\n            <\/div>\r\n          <\/div>\r\n          <hr class=\"my-4\">-->\r\n              <!--<\/div>\r\n      <div class=\"card-footer bg-dark\">\r\n      <\/div>\r\n    <\/div>\r\n  <\/div>\r\n<\/div>-->\r\n<\/div>\r\n<\/div>\r\n\r\n<hr>\r\n<!--<h2> Domaines de recherche<\/h2>\r\n<hr>\r\n<div id=\"dom_bloc\" class=\"container-fluid\">\r\n  <div class=\"row\">\r\n   <\/div>\r\n<\/div>-->\n","protected":false},"excerpt":{"rendered":"","protected":false},"author":1,"featured_media":0,"parent":0,"menu_order":0,"comment_status":"closed","ping_status":"closed","template":"","meta":[],"_links":{"self":[{"href":"https:\/\/lamia.univ-antilles.fr\/newsite\/wp-json\/wp\/v2\/pages\/7"}],"collection":[{"href":"https:\/\/lamia.univ-antilles.fr\/newsite\/wp-json\/wp\/v2\/pages"}],"about":[{"href":"https:\/\/lamia.univ-antilles.fr\/newsite\/wp-json\/wp\/v2\/types\/page"}],"author":[{"embeddable":true,"href":"https:\/\/lamia.univ-antilles.fr\/newsite\/wp-json\/wp\/v2\/users\/1"}],"replies":[{"embeddable":true,"href":"https:\/\/lamia.univ-antilles.fr\/newsite\/wp-json\/wp\/v2\/comments?post=7"}],"version-history":[{"count":43,"href":"https:\/\/lamia.univ-antilles.fr\/newsite\/wp-json\/wp\/v2\/pages\/7\/revisions"}],"predecessor-version":[{"id":376,"href":"https:\/\/lamia.univ-antilles.fr\/newsite\/wp-json\/wp\/v2\/pages\/7\/revisions\/376"}],"wp:attachment":[{"href":"https:\/\/lamia.univ-antilles.fr\/newsite\/wp-json\/wp\/v2\/media?parent=7"}],"curies":[{"name":"wp","href":"https:\/\/api.w.org\/{rel}","templated":true}]}}