{"id":40,"date":"2020-03-11T12:27:13","date_gmt":"2020-03-11T11:27:13","guid":{"rendered":"http:\/\/lamia.univ-antilles.fr\/newsite\/?page_id=40"},"modified":"2021-01-26T07:09:15","modified_gmt":"2021-01-26T06:09:15","slug":"master-miage","status":"publish","type":"page","link":"https:\/\/lamia.univ-antilles.fr\/newsite\/formations\/master-miage\/","title":{"rendered":"Master MIAGE"},"content":{"rendered":"\n<p style='font-size:20px;text-align:right;'><a class='btn btn-dark' href='http:\/\/formations.univ-antilles.fr\/#\/formation\/45' role='button'>Voir le d\u00e9tail de cette formation<\/a><\/p><h2 style = font-size:24px; class ='font-weight-bold';>INTITULE :<\/h2><br>\r\n\r\n  <p style = font-size:20px;>Master M\u00e9thodes Informatiques Appliqu\u00e9es \u00e0 la Gestion des Entreprises<\/p><br>\r\n  \r\n  <h2 style = font-size:24px; class ='font-weight-bold';>PRESENTATION :<\/h2><br>\r\n  \r\n  <p style = font-size:20px;> Le Master  m\u00e9thodes informatiques appliqu\u00e9es \u00e0 la gestion des entreprises (MIAGE) est un dipl\u00f4me universitaire  de niveau bac+5, destin\u00e9 \u00e0 former des cadres d'entreprise experts en ing\u00e9nierie et management des syst\u00e8mes d'information.<\/p>\r\n  <p style = font-size:20px;>Il se pr\u00e9pare en 4 semestres (120 cr\u00e9dits) apr\u00e8s l\u2019obtention d\u2019une licence informatique  et comprend des enseignements professionnalisant, des stages, et la r\u00e9daction d\u2019un m\u00e9moire.<\/p>\n","protected":false},"excerpt":{"rendered":"","protected":false},"author":1,"featured_media":0,"parent":13,"menu_order":1,"comment_status":"closed","ping_status":"closed","template":"","meta":[],"_links":{"self":[{"href":"https:\/\/lamia.univ-antilles.fr\/newsite\/wp-json\/wp\/v2\/pages\/40"}],"collection":[{"href":"https:\/\/lamia.univ-antilles.fr\/newsite\/wp-json\/wp\/v2\/pages"}],"about":[{"href":"https:\/\/lamia.univ-antilles.fr\/newsite\/wp-json\/wp\/v2\/types\/page"}],"author":[{"embeddable":true,"href":"https:\/\/lamia.univ-antilles.fr\/newsite\/wp-json\/wp\/v2\/users\/1"}],"replies":[{"embeddable":true,"href":"https:\/\/lamia.univ-antilles.fr\/newsite\/wp-json\/wp\/v2\/comments?post=40"}],"version-history":[{"count":2,"href":"https:\/\/lamia.univ-antilles.fr\/newsite\/wp-json\/wp\/v2\/pages\/40\/revisions"}],"predecessor-version":[{"id":332,"href":"https:\/\/lamia.univ-antilles.fr\/newsite\/wp-json\/wp\/v2\/pages\/40\/revisions\/332"}],"up":[{"embeddable":true,"href":"https:\/\/lamia.univ-antilles.fr\/newsite\/wp-json\/wp\/v2\/pages\/13"}],"wp:attachment":[{"href":"https:\/\/lamia.univ-antilles.fr\/newsite\/wp-json\/wp\/v2\/media?parent=40"}],"curies":[{"name":"wp","href":"https:\/\/api.w.org\/{rel}","templated":true}]}}