{"id":38,"date":"2020-03-11T12:26:48","date_gmt":"2020-03-11T11:26:48","guid":{"rendered":"http:\/\/lamia.univ-antilles.fr\/newsite\/?page_id=38"},"modified":"2021-01-26T07:08:20","modified_gmt":"2021-01-26T06:08:20","slug":"master-informatique","status":"publish","type":"page","link":"https:\/\/lamia.univ-antilles.fr\/newsite\/formations\/master-informatique\/","title":{"rendered":"Master Informatique"},"content":{"rendered":"\n\r\n<h2 style='font-size:24px;' class='font-weight-bold'>Intitul\u00e9<\/h2>\r\n<p style='font-size:20px;'>Master Informatique<\/p>\r\n\r\n<h2 style='font-size:24px;' class='font-weight-bold'>Parcours<\/h2>\r\n<p style='font-size:20px;'>Intelligence Artificielle et Optimisation (IAO)<\/p>\r\n\r\n<h2 style='font-size:24px;' class='font-weight-bold'>Objectifs de la formation<\/h2>\r\n<p style='font-size:20px;text-align:justify;text-justify:auto;'> Adoss\u00e9 au Laboratoire de Math\u00e9matiques et Informatique Appliqu\u00e9es (LAMIA, EA4540), le Master Informatique a pour vocation d\u2019offrir d\u2019une part un enseignement de l'informatique de qualit\u00e9 et d\u2019autre part des d\u00e9bouch\u00e9s concrets aux \u00e9tudiants. Il s\u2019inscrit, \u00e0 nouveau, dans une d\u00e9marche de formations plus orient\u00e9es sur le monde du travail. Il vise \u00e0 former des \u00e9tudiants capables d\u2019utiliser des m\u00e9thodes et outils informatiques dans tous les domaines porteurs du monde \u00e9conomique guadeloup\u00e9en, antillais et carib\u00e9en, sans oublier l\u2019enseignement bien entendu.<\/p>\r\n\r\n<h2 style='font-size:24px;' class='font-weight-bold'>Responsable du master<\/h2>\r\n<p style='font-size:20px;text-align:justify;text-justify:auto;'>\r\nMonsieur Andre\u00ef DONCESCU<br>\r\nProfesseur des Universit\u00e9s en Informatique<br>\r\nSection de CNU (ou section CNRS, etc.) : 27<br>\r\nT\u00e9l\u00e9phone : <a href='tel:0590483447'>0590 48 34 47<\/a><br>\r\nAdresse \u00e9lectronique : <a href='mailto:andrei.doncescu@univ-antilles.fr'>andrei.doncescu@univ-antilles.fr<\/a>\r\n<\/p>\r\n\r\n<p style='font-size:20px;text-align:right;'><a class='font-weight-bold' style='color:midnightblue;text-decoration:none;font-weight:bold;' href='http:\/\/lamia.univ-antilles.fr\/uploads\/LAMIA\/Presentation_synth\u00e9tique_master_IAO.pdf' role='button'><img width='20' src='https:\/\/upload.wikimedia.org\/wikipedia\/commons\/thumb\/8\/87\/PDF_file_icon.svg\/267px-PDF_file_icon.svg.png'> Fiche de pr\u00e9sentation synth\u00e9tique<\/a><\/p>\r\n\r\n<p style='font-size:20px;text-align:right;'><a class='btn btn-dark' href='http:\/\/formations.univ-antilles.fr\/#\/formation\/32' role='button'>Voir le d\u00e9tail de cette formation<\/a><\/p>\n","protected":false},"excerpt":{"rendered":"","protected":false},"author":1,"featured_media":0,"parent":13,"menu_order":0,"comment_status":"closed","ping_status":"closed","template":"","meta":[],"_links":{"self":[{"href":"https:\/\/lamia.univ-antilles.fr\/newsite\/wp-json\/wp\/v2\/pages\/38"}],"collection":[{"href":"https:\/\/lamia.univ-antilles.fr\/newsite\/wp-json\/wp\/v2\/pages"}],"about":[{"href":"https:\/\/lamia.univ-antilles.fr\/newsite\/wp-json\/wp\/v2\/types\/page"}],"author":[{"embeddable":true,"href":"https:\/\/lamia.univ-antilles.fr\/newsite\/wp-json\/wp\/v2\/users\/1"}],"replies":[{"embeddable":true,"href":"https:\/\/lamia.univ-antilles.fr\/newsite\/wp-json\/wp\/v2\/comments?post=38"}],"version-history":[{"count":5,"href":"https:\/\/lamia.univ-antilles.fr\/newsite\/wp-json\/wp\/v2\/pages\/38\/revisions"}],"predecessor-version":[{"id":379,"href":"https:\/\/lamia.univ-antilles.fr\/newsite\/wp-json\/wp\/v2\/pages\/38\/revisions\/379"}],"up":[{"embeddable":true,"href":"https:\/\/lamia.univ-antilles.fr\/newsite\/wp-json\/wp\/v2\/pages\/13"}],"wp:attachment":[{"href":"https:\/\/lamia.univ-antilles.fr\/newsite\/wp-json\/wp\/v2\/media?parent=38"}],"curies":[{"name":"wp","href":"https:\/\/api.w.org\/{rel}","templated":true}]}}