{"id":322,"date":"2021-01-22T18:33:55","date_gmt":"2021-01-22T17:33:55","guid":{"rendered":"http:\/\/lamia.univ-antilles.fr\/newsite\/?page_id=322"},"modified":"2021-01-22T18:43:51","modified_gmt":"2021-01-22T17:43:51","slug":"statuts","status":"publish","type":"page","link":"https:\/\/lamia.univ-antilles.fr\/newsite\/le-labo\/statuts\/","title":{"rendered":"Statuts"},"content":{"rendered":"\n<div class=\"col-lg-12 font-weight-light\" style=\"text-align: justify; font-size:1em;\">\r\n  <h2 class=\"display-4\">Article 1. Structuration de l\u2019unit\u00e9 de recherche<\/h2>\r\n  <br \/>\r\n  <p>Le Laboratoire de Math\u00e9matiques Informatique et Applications (LAMIA) est une \u00e9quipe de recherche&nbsp; interne \u00e0 l\u2019universit\u00e9 des Antilles. Il a \u00e9t\u00e9 cr\u00e9\u00e9 en 2010 en tant qu\u2019\u00e9quipe d\u2019accueil lab\u00e9lis\u00e9e EA4540.<br>Le LAMIA est dirig\u00e9 par un directeur, dont le mandat s\u2019ach\u00e8ve avec le contrat quinquennal de l\u2019universit\u00e9, second\u00e9 par deux directeurs adjoints (l\u2019un repr\u00e9sentant les math\u00e9matiques et l\u2019autre l\u2019informatique) dont les mandats s\u2019ach\u00e8vent avec le contrat quinquennal de l\u2019universit\u00e9.<br><br>Le LAMIA poss\u00e8de un conseil de laboratoire compos\u00e9 de 10 membres :<br><br>\r\n    <\/p><ul>\r\n    <li>Le directeur et les deux directeurs adjoints en tant que membres de droit ;\r\n    <\/li><li>Deux repr\u00e9sentants d\u00e9sign\u00e9s au sein du coll\u00e8ge des professeurs des universit\u00e9s ;\r\n    <\/li><li>Un repr\u00e9sentant d\u00e9sign\u00e9 au sein du coll\u00e8ge des ma\u00eetres de conf\u00e9rences habilit\u00e9s \u00e0 diriger des recherches ;\r\n      <\/li><li>Deux repr\u00e9sentants d\u00e9sign\u00e9s au sein du coll\u00e8ge des ma\u00eetres de conf\u00e9rences (non HDR) ;\r\n      <\/li><li>Deux repr\u00e9sentants d\u00e9sign\u00e9s au sein du coll\u00e8ge des doctorants inscrits au LAMIA ;\r\n      <\/li><li>Le conseil peut d\u00e9cider de nommer, dans un souci d\u2019une meilleure repr\u00e9sentativit\u00e9, un membre suppl\u00e9mentaire portant ainsi le nombre de membres du conseil de laboratoire \u00e0 11.\r\n  <\/li><\/ul>\r\n<p>Les comp\u00e9tences du conseil de laboratoire sont pr\u00e9sent\u00e9es \u00e0 l\u2019article 4 des pr\u00e9sents statuts.\r\n<br>\r\n<br>La recherche effectu\u00e9e au sein du LAMIA est organis\u00e9e au sein de plusieurs groupes th\u00e9matiques r\u00e9unissant le c\u0153ur des comp\u00e9tences du LAMIA et leurs applications.\r\n<\/p>\r\n  <br \/>\r\n  <br \/>\r\n  <h2 class=\"display-4\">Article 2. Composition du LAMIA<\/h2>\r\n  <br \/>\r\n  <p>Le LAMIA accueille des membres permanents, des membres associ\u00e9s et des doctorants.<\/p>\r\n  <p><i>Membres permanents :<\/i><\/p>\r\n  <p>\r\n    <\/p><ul>\r\n      <li>Les enseignants-chercheurs dont le conseil de laboratoire a valid\u00e9 la demande de rattachement au LAMIA \u00e0 titre principal lors de la transmission du dossier de renouvellement du laboratoire ;\r\n<\/li><li>Les enseignants-chercheurs dont la nomination \u00e0 l\u2019universit\u00e9 sp\u00e9cifie le rattachement au LAMIA ;\r\n<\/li><li>Les personnels administratifs, techniques, ouvriers et de service (ATOS) ou ing\u00e9nieurs techniques de recherche et de formation (ITRF) titulaires affect\u00e9s au laboratoire ;\r\n    <\/li><\/ul>\r\n  <p><\/p>\r\n<p><i>Membres associ\u00e9s :<\/i><\/p>\r\n<p>\r\n  Les membres associ\u00e9s sont nomm\u00e9s apr\u00e8s avis du conseil de laboratoire et sur d\u00e9cision du directeur faisant suite \u00e0 une demande \u00e9crite formul\u00e9e par les postulants aupr\u00e8s du directeur du laboratoire.  Ils se recrutent notamment parmi : \r\n<\/p>\r\n<p>\r\n  <\/p><ul>\r\n    <li>Les ATER, les PAST recrut\u00e9s par l\u2019universit\u00e9 souhaitant rejoindre le laboratoire ;\r\n<\/li><li>Les enseignants-chercheurs rattach\u00e9s \u00e0 titre principal \u00e0 un autre laboratoire ;\r\n<\/li><li>Les docteurs ayant soutenu leur th\u00e8se dans le laboratoire ;\r\n<\/li><li>Les enseignants-chercheurs ne justifiant pas d\u2019une activit\u00e9 de recherche jug\u00e9e suffisante mais disposant d\u2019une expertise reconnue ;\r\n<\/li><li>Les enseignants non docteurs ;\r\n<\/li><li>Les personnalit\u00e9s dont la qualit\u00e9 scientifique est reconnue ;\r\n  <\/li><\/ul>\r\n<br \/><br \/>\r\n<h2 class=\"display-4\">Article 3. Election des membres du conseil de laboratoire<\/h2>\r\n<br \/>\r\n<p>\r\nLes membres \u00e9lus du conseil de laboratoire sont au nombre de sept, choisis parmi les membres permanents et les doctorants, ils se r\u00e9partissent en quatre coll\u00e8ges : le coll\u00e8ge des professeurs des universit\u00e9s, le coll\u00e8ge des ma\u00eetres de conf\u00e9rences habilit\u00e9s \u00e0 diriger des recherches, le coll\u00e8ge des ma\u00eetres de conf\u00e9rences et le coll\u00e8ge des doctorants.\r\n<\/p>\r\n<p>\r\nL\u2019\u00e9lection des membres du conseil de laboratoire s\u2019effectue distinctement dans chaque coll\u00e8ge. Les membres permanents des coll\u00e8ges des professeurs des universit\u00e9 et des ma\u00eetres de conf\u00e9rences, ainsi que les membres du coll\u00e8ge des doctorants votent au plus pour deux candidats. Les deux candidats ayant obtenus le plus de voix dans chaque coll\u00e8ge sont \u00e9lus. Les membres permanents du coll\u00e8ge des ma\u00eetres de conf\u00e9rences habilit\u00e9s \u00e0 diriger des recherches votent au plus pour un candidat. Lorsqu\u2019il s\u2019agit du renouvellement d\u2019un seul si\u00e8ge au sein d\u2019un coll\u00e8ge, les membres du coll\u00e8ge concern\u00e9 votent au plus pour un candidat. \r\n<\/p>\r\n<br \/><br \/>\r\n<h2 class=\"display-4\">Article 4. Comp\u00e9tences du conseil de laboratoire<\/h2>\r\n<br \/>\r\n<p>\r\nLe conseil de laboratoire est pr\u00e9sid\u00e9 par le directeur du LAMIA ou par l\u2019un de ses adjoints en cas d\u2019emp\u00eachement du directeur. Le conseil est r\u00e9uni au moins deux fois par ann\u00e9e universitaire.\r\n<\/p>\r\n<p>\r\nLe conseil de laboratoire en formation restreinte aux enseignants-chercheurs se prononce sur l\u2019admission de nouveaux membres ; il se prononce \u00e9galement sur l\u2019exclusion de membres du laboratoire lorsque ceux-ci ont port\u00e9 atteinte aux int\u00e9r\u00eats du laboratoire, \u00e0 sa stabilit\u00e9 ou \u00e0 son image.\r\n<\/p>\r\n<p>\r\nLe conseil de laboratoire en formation restreinte aux enseignants-chercheurs se prononce sur le profil de recherche attribu\u00e9 aux emplois d\u2019enseignants-chercheurs qui sont adoss\u00e9s au LAMIA. Lorsqu\u2019il s\u2019agit de profils d\u2019emplois de professeurs des universit\u00e9s, le conseil se r\u00e9unit en formation restreinte aux professeurs des universit\u00e9s. \r\n<\/p>\r\n<p>\r\nLe conseil de laboratoire peut \u00eatre consult\u00e9 par le directeur du laboratoire sur toute question concernant le laboratoire notamment sur :\r\n<\/p>\r\n<p>\r\n<\/p><ul>\r\n  <li>l\u2019\u00e9tat, le programme, la coordination des recherches au sein du laboratoire ;\r\n<\/li><li>les moyens budg\u00e9taires \u00e0 demander et la r\u00e9partition de ceux qui lui sont allou\u00e9s ;\r\n<\/li><li>la politique des contrats de recherche concernant le laboratoire ;\r\n<\/li><li>toutes mesures relatives \u00e0 l\u2019organisation et au fonctionnement du laboratoire et susceptibles d\u2019avoir des cons\u00e9quences sur la situation et les conditions de travail du personnel.\r\n<\/li><\/ul>\r\n<br \/><br \/>\r\n<h2 class=\"display-4\">Article 5. Election du directeur et des directeurs adjoints du LAMIA<\/h2>\r\n<br \/>\r\n<p>\r\nLe directeur du LAMIA est \u00e9lu \u00e0 la majorit\u00e9 simple par les membres permanents du LAMIA.\r\nL\u2019\u00e9lection se tient \u00e0 bulletin secret. Son mandat est renouvelable.\r\n<\/p>\r\n<p>\r\nLes deux directeurs adjoints sont chacun \u00e9lus \u00e0 la majorit\u00e9 simple par les membres permanents du LAMIA. Leur \u00e9lection se tient \u00e0 bulletin secret. Leurs mandats sont renouvelables.\r\n<\/p>\r\n<br \/><br \/>\r\n<h2 class=\"display-4\">Article 6. Comp\u00e9tences du directeur et des directeurs adjoints<\/h2>\r\n<br \/>\r\n<p>\r\nLe directeur repr\u00e9sente le laboratoire. \r\n<\/p>\r\n<p>\r\nIl pr\u00e9side les assembl\u00e9es g\u00e9n\u00e9rales et les r\u00e9unions du conseil de laboratoire.  Il est charg\u00e9 de g\u00e9rer les ressources financi\u00e8res du laboratoire et vise les bons de transmissions et les factures. Il donne son visa pour tous les contrats de recherche ex\u00e9cut\u00e9s dans le laboratoire.Il pr\u00e9side les assembl\u00e9es g\u00e9n\u00e9rales et les r\u00e9unions du conseil de laboratoire.  Il est charg\u00e9 de g\u00e9rer les ressources financi\u00e8res du laboratoire et vise les bons de transmissions et les factures. Il donne son visa pour tous les contrats de recherche ex\u00e9cut\u00e9s dans le laboratoire.\r\n<\/p>\r\n<p>\r\nUn des deux directeurs adjoints est d\u00e9sign\u00e9 par le directeur pour agir en lieu et place de ce dernier en son absence. Les t\u00e2ches courantes de direction (communication du laboratoire, participation aux conseils, contacts avec les institutions ext\u00e9rieures, etc.) se partagent entre le directeur et les directeurs adjoints.\r\n<\/p>\r\n<br \/><br \/>\r\n<h2 class=\"display-4\">Article 7. R\u00e8glement int\u00e9rieur<\/h2>\r\n<br \/>\r\n<p>\r\nUn r\u00e8glement int\u00e9rieur d\u00e9finit, autant que de besoin, les r\u00e8gles de fonctionnement du laboratoire.\r\n<\/p>\r\n\r\n<\/div>\n","protected":false},"excerpt":{"rendered":"","protected":false},"author":1,"featured_media":0,"parent":9,"menu_order":3,"comment_status":"closed","ping_status":"closed","template":"","meta":[],"_links":{"self":[{"href":"https:\/\/lamia.univ-antilles.fr\/newsite\/wp-json\/wp\/v2\/pages\/322"}],"collection":[{"href":"https:\/\/lamia.univ-antilles.fr\/newsite\/wp-json\/wp\/v2\/pages"}],"about":[{"href":"https:\/\/lamia.univ-antilles.fr\/newsite\/wp-json\/wp\/v2\/types\/page"}],"author":[{"embeddable":true,"href":"https:\/\/lamia.univ-antilles.fr\/newsite\/wp-json\/wp\/v2\/users\/1"}],"replies":[{"embeddable":true,"href":"https:\/\/lamia.univ-antilles.fr\/newsite\/wp-json\/wp\/v2\/comments?post=322"}],"version-history":[{"count":1,"href":"https:\/\/lamia.univ-antilles.fr\/newsite\/wp-json\/wp\/v2\/pages\/322\/revisions"}],"predecessor-version":[{"id":323,"href":"https:\/\/lamia.univ-antilles.fr\/newsite\/wp-json\/wp\/v2\/pages\/322\/revisions\/323"}],"up":[{"embeddable":true,"href":"https:\/\/lamia.univ-antilles.fr\/newsite\/wp-json\/wp\/v2\/pages\/9"}],"wp:attachment":[{"href":"https:\/\/lamia.univ-antilles.fr\/newsite\/wp-json\/wp\/v2\/media?parent=322"}],"curies":[{"name":"wp","href":"https:\/\/api.w.org\/{rel}","templated":true}]}}